{"id":395,"date":"2024-02-09T13:27:51","date_gmt":"2024-02-09T12:27:51","guid":{"rendered":"https:\/\/masdemoussie.fr\/?page_id=395"},"modified":"2024-05-13T14:23:17","modified_gmt":"2024-05-13T12:23:17","slug":"a-propos","status":"publish","type":"page","link":"https:\/\/masdemoussie.fr\/index.php\/a-propos\/","title":{"rendered":"\u00c0 propos"},"content":{"rendered":"\n<div class=\"wp-block-cover alignfull is-light\" style=\"min-height:147px;aspect-ratio:unset;\"><span aria-hidden=\"true\" class=\"wp-block-cover__background has-background-dim\" style=\"background-color:#888871\"><\/span><img fetchpriority=\"high\" decoding=\"async\" width=\"1920\" height=\"2560\" class=\"wp-block-cover__image-background wp-image-550\" alt=\"\" src=\"https:\/\/masdemoussie.fr\/wp-content\/uploads\/2024\/04\/20230904_123134-scaled.jpg\" data-object-fit=\"cover\" srcset=\"https:\/\/masdemoussie.fr\/wp-content\/uploads\/2024\/04\/20230904_123134-scaled.jpg 1920w, https:\/\/masdemoussie.fr\/wp-content\/uploads\/2024\/04\/20230904_123134-225x300.jpg 225w, https:\/\/masdemoussie.fr\/wp-content\/uploads\/2024\/04\/20230904_123134-768x1024.jpg 768w, https:\/\/masdemoussie.fr\/wp-content\/uploads\/2024\/04\/20230904_123134-1152x1536.jpg 1152w, https:\/\/masdemoussie.fr\/wp-content\/uploads\/2024\/04\/20230904_123134-1536x2048.jpg 1536w\" sizes=\"(max-width: 1920px) 100vw, 1920px\" \/><div class=\"wp-block-cover__inner-container is-layout-constrained wp-block-cover-is-layout-constrained\">\n<p class=\"has-text-align-center has-ti-bg-color has-text-color has-link-color has-huge-font-size wp-elements-64beaec1ae238cae7283b6959c243bc1\"><strong>\u00c0 propos<\/strong><\/p>\n\n\n\n<section id=\"wp-block-themeisle-blocks-advanced-columns-cb4df123\" class=\"wp-block-themeisle-blocks-advanced-columns alignfull has-1-columns has-desktop-equal-layout has-tablet-equal-layout has-mobile-equal-layout has-vertical-flex-start has-light-bg\"><div class=\"wp-block-themeisle-blocks-advanced-columns-overlay\"><\/div><div class=\"innerblocks-wrap\">\n<div id=\"wp-block-themeisle-blocks-advanced-column-1c175c47\" class=\"wp-block-themeisle-blocks-advanced-column\">\n<section id=\"wp-block-themeisle-blocks-advanced-columns-e3377d66\" class=\"wp-block-themeisle-blocks-advanced-columns has-2-columns has-desktop-equal-layout has-tablet-equal-layout has-mobile-collapsedRows-layout has-vertical-center\"><div class=\"wp-block-themeisle-blocks-advanced-columns-overlay\"><\/div><div class=\"innerblocks-wrap\">\n<div id=\"wp-block-themeisle-blocks-advanced-column-e598f305\" class=\"wp-block-themeisle-blocks-advanced-column\">\n<p class=\"has-medium-font-size\">Le <strong>Mas de Moussi\u00e9<\/strong> se situe \u00e0 <strong>Gallician<\/strong> dans le Gard, sur un terroir mill\u00e9naire de galets roul\u00e9s. Le Sud de l&rsquo;appellation Costi\u00e8res de N\u00eemes b\u00e9n\u00e9ficie, en plus d&rsquo;un ensoleillement optimum, de l&rsquo;influence des embruns maritimes port\u00e9s par le Garbin, vent du sud l\u00e9gendaire qui vient rafra\u00eechir l&rsquo;air et les plantes en soir\u00e9e.<\/p>\n\n\n        <div\n            class=\"spotlight-instagram-feed\"\n            data-feed-var=\"29dcefa1\"\n            data-analytics=\"0\"\n            data-instance=\"395\"\n        >\n        <\/div>\n        <input type=\"hidden\" id=\"sli__f__29dcefa1\" data-json='{&quot;useCase&quot;:&quot;accounts&quot;,&quot;template&quot;:&quot;classic&quot;,&quot;layout&quot;:&quot;grid&quot;,&quot;numColumns&quot;:{&quot;desktop&quot;:3},&quot;highlightFreq&quot;:{&quot;desktop&quot;:7},&quot;sliderNumScrollPosts&quot;:{&quot;desktop&quot;:1},&quot;sliderInfinite&quot;:true,&quot;sliderLoop&quot;:false,&quot;sliderArrowPos&quot;:{&quot;desktop&quot;:&quot;inside&quot;},&quot;sliderArrowSize&quot;:{&quot;desktop&quot;:20},&quot;sliderArrowColor&quot;:{&quot;r&quot;:255,&quot;b&quot;:255,&quot;g&quot;:255,&quot;a&quot;:1},&quot;sliderArrowBgColor&quot;:{&quot;r&quot;:0,&quot;b&quot;:0,&quot;g&quot;:0,&quot;a&quot;:0.8},&quot;sliderAutoScroll&quot;:false,&quot;sliderAutoInterval&quot;:3,&quot;postOrder&quot;:&quot;date_desc&quot;,&quot;numPosts&quot;:{&quot;desktop&quot;:9},&quot;linkBehavior&quot;:{&quot;desktop&quot;:&quot;lightbox&quot;},&quot;feedWidth&quot;:{&quot;desktop&quot;:&quot;&quot;},&quot;feedHeight&quot;:{&quot;desktop&quot;:&quot;&quot;},&quot;feedPadding&quot;:{&quot;desktop&quot;:24,&quot;tablet&quot;:14,&quot;phone&quot;:10},&quot;imgPadding&quot;:{&quot;desktop&quot;:10,&quot;tablet&quot;:10,&quot;phone&quot;:6},&quot;textSize&quot;:{&quot;desktop&quot;:&quot;&quot;,&quot;tablet&quot;:&quot;&quot;,&quot;phone&quot;:&quot;&quot;},&quot;bgColor&quot;:{&quot;r&quot;:255,&quot;g&quot;:255,&quot;b&quot;:255,&quot;a&quot;:1},&quot;hoverInfo&quot;:[&quot;likes_comments&quot;,&quot;insta_link&quot;],&quot;textColorHover&quot;:{&quot;r&quot;:255,&quot;g&quot;:255,&quot;b&quot;:255,&quot;a&quot;:1},&quot;bgColorHover&quot;:{&quot;r&quot;:0,&quot;g&quot;:0,&quot;b&quot;:0,&quot;a&quot;:0.5},&quot;showHeader&quot;:{&quot;desktop&quot;:true},&quot;headerInfo&quot;:{&quot;desktop&quot;:[&quot;profile_pic&quot;,&quot;bio&quot;]},&quot;headerAccount&quot;:5,&quot;headerStyle&quot;:{&quot;desktop&quot;:&quot;normal&quot;,&quot;phone&quot;:&quot;normal&quot;},&quot;headerTextSize&quot;:{&quot;desktop&quot;:&quot;&quot;},&quot;headerPhotoSize&quot;:{&quot;desktop&quot;:50},&quot;headerTextColor&quot;:{&quot;r&quot;:0,&quot;g&quot;:0,&quot;b&quot;:0,&quot;a&quot;:1},&quot;headerBgColor&quot;:{&quot;r&quot;:255,&quot;g&quot;:255,&quot;b&quot;:255,&quot;a&quot;:0},&quot;headerPadding&quot;:{&quot;desktop&quot;:0,&quot;phone&quot;:0},&quot;customProfilePic&quot;:0,&quot;customBioText&quot;:&quot;&quot;,&quot;includeStories&quot;:false,&quot;storiesInterval&quot;:5,&quot;showCaptions&quot;:{&quot;desktop&quot;:false},&quot;captionMaxLength&quot;:{&quot;desktop&quot;:0},&quot;captionRemoveDots&quot;:false,&quot;captionSize&quot;:{&quot;desktop&quot;:0},&quot;captionColor&quot;:{&quot;r&quot;:0,&quot;g&quot;:0,&quot;b&quot;:0,&quot;a&quot;:1},&quot;showLikes&quot;:{&quot;desktop&quot;:false},&quot;showComments&quot;:{&quot;desktop&quot;:false},&quot;lcIconSize&quot;:{&quot;desktop&quot;:14},&quot;likesIconColor&quot;:{&quot;r&quot;:0,&quot;g&quot;:0,&quot;b&quot;:0,&quot;a&quot;:1},&quot;commentsIconColor&quot;:{&quot;r&quot;:0,&quot;g&quot;:0,&quot;b&quot;:0,&quot;a&quot;:1},&quot;lightboxShowSidebar&quot;:false,&quot;lightboxCtaStyle&quot;:&quot;link&quot;,&quot;lightboxCtaDesign&quot;:{&quot;text&quot;:{&quot;color&quot;:{&quot;r&quot;:0,&quot;g&quot;:0,&quot;b&quot;:0,&quot;a&quot;:1},&quot;align&quot;:&quot;center&quot;},&quot;bgColor&quot;:{&quot;r&quot;:230,&quot;g&quot;:230,&quot;b&quot;:230,&quot;a&quot;:1},&quot;border&quot;:{&quot;radius&quot;:3}},&quot;numLightboxComments&quot;:50,&quot;showLoadMoreBtn&quot;:{&quot;desktop&quot;:true},&quot;loadMoreBtnDesign&quot;:{&quot;text&quot;:{&quot;color&quot;:{&quot;r&quot;:35,&quot;g&quot;:143,&quot;b&quot;:181,&quot;a&quot;:1},&quot;align&quot;:&quot;center&quot;},&quot;border&quot;:{&quot;radius&quot;:3},&quot;bgColor&quot;:{&quot;r&quot;:41,&quot;g&quot;:167,&quot;b&quot;:210,&quot;a&quot;:0.1},&quot;margin&quot;:{&quot;top&quot;:0,&quot;bottom&quot;:0,&quot;left&quot;:0,&quot;right&quot;:0}},&quot;loadMoreBtnText&quot;:&quot;Load More Posts&quot;,&quot;loadMoreBtnScroll&quot;:false,&quot;autoload&quot;:false,&quot;showFollowBtn&quot;:{&quot;desktop&quot;:true},&quot;followBtnText&quot;:&quot;Follow on Instagram&quot;,&quot;followBtnDesign&quot;:{&quot;text&quot;:{&quot;color&quot;:{&quot;r&quot;:255,&quot;g&quot;:255,&quot;b&quot;:255,&quot;a&quot;:1},&quot;align&quot;:&quot;center&quot;},&quot;border&quot;:{&quot;radius&quot;:3},&quot;bgColor&quot;:{&quot;r&quot;:41,&quot;g&quot;:167,&quot;b&quot;:210,&quot;a&quot;:1},&quot;margin&quot;:{&quot;top&quot;:0,&quot;bottom&quot;:0,&quot;left&quot;:0,&quot;right&quot;:0}},&quot;followBtnLocation&quot;:{&quot;desktop&quot;:&quot;header&quot;,&quot;phone&quot;:&quot;bottom&quot;},&quot;alignFooterButtons&quot;:{&quot;desktop&quot;:false},&quot;customCss&quot;:&quot;\\\/* Enter your custom CSS below *\\\/\\n\\n&quot;,&quot;accounts&quot;:[833],&quot;tagged&quot;:[],&quot;hashtags&quot;:[],&quot;mediaType&quot;:&quot;all&quot;,&quot;hashtagWhitelist&quot;:[],&quot;hashtagBlacklist&quot;:[],&quot;captionWhitelist&quot;:[],&quot;captionBlacklist&quot;:[],&quot;hashtagWhitelistSettings&quot;:true,&quot;hashtagBlacklistSettings&quot;:true,&quot;captionWhitelistSettings&quot;:true,&quot;captionBlacklistSettings&quot;:true,&quot;moderation&quot;:[],&quot;moderationMode&quot;:&quot;blacklist&quot;,&quot;promosVersion&quot;:2,&quot;promosEnabled&quot;:true,&quot;globalPromosEnabled&quot;:true,&quot;autoPromosEnabled&quot;:true,&quot;promoOverrides&quot;:[],&quot;feedPromo&quot;:{&quot;linkSource&quot;:{&quot;type&quot;:null},&quot;linkBehavior&quot;:{&quot;openNewTab&quot;:false,&quot;showPopupBox&quot;:false},&quot;linkText&quot;:&quot;&quot;},&quot;gaCampaignSource&quot;:&quot;&quot;,&quot;gaCampaignMedium&quot;:&quot;&quot;,&quot;gaCampaignName&quot;:&quot;&quot;,&quot;className&quot;:&quot;&quot;}' \/>\n        <input type=\"hidden\" id=\"sli__a__29dcefa1\" data-json='[{&quot;id&quot;:833,&quot;type&quot;:&quot;PERSONAL&quot;,&quot;userId&quot;:&quot;7067655730004868&quot;,&quot;username&quot;:&quot;masdemoussie&quot;,&quot;bio&quot;:&quot;&quot;,&quot;customBio&quot;:&quot;&quot;,&quot;profilePicUrl&quot;:&quot;&quot;,&quot;customProfilePicUrl&quot;:&quot;http:\\\/\\\/masdemoussie.fr\\\/wp-content\\\/uploads\\\/2024\\\/02\\\/Agriculture-Biologique.png&quot;,&quot;mediaCount&quot;:&quot;30&quot;,&quot;followersCount&quot;:&quot;0&quot;,&quot;usages&quot;:[],&quot;creationDate&quot;:&quot;2024-05-13 10:35:02&quot;}]' \/>\n        <input type=\"hidden\" id=\"sli__m__29dcefa1\" data-json='[]' \/>\n        <\/div>\n\n\n\n<div id=\"wp-block-themeisle-blocks-advanced-column-5f9a9ec0\" class=\"wp-block-themeisle-blocks-advanced-column\">\n<figure class=\"wp-block-gallery has-nested-images columns-default is-cropped wp-block-gallery-1 is-layout-flex wp-block-gallery-is-layout-flex\">\n<figure class=\"wp-block-image size-large\"><img decoding=\"async\" width=\"1024\" height=\"683\" data-id=\"708\" src=\"https:\/\/masdemoussie.fr\/wp-content\/uploads\/2024\/04\/MG3A9919-1024x683.jpg\" alt=\"\" class=\"wp-image-708\" srcset=\"https:\/\/masdemoussie.fr\/wp-content\/uploads\/2024\/04\/MG3A9919-1024x683.jpg 1024w, https:\/\/masdemoussie.fr\/wp-content\/uploads\/2024\/04\/MG3A9919-300x200.jpg 300w, https:\/\/masdemoussie.fr\/wp-content\/uploads\/2024\/04\/MG3A9919-768x512.jpg 768w, https:\/\/masdemoussie.fr\/wp-content\/uploads\/2024\/04\/MG3A9919-1536x1024.jpg 1536w, https:\/\/masdemoussie.fr\/wp-content\/uploads\/2024\/04\/MG3A9919-2048x1365.jpg 2048w\" sizes=\"(max-width: 1024px) 100vw, 1024px\" \/><\/figure>\n<\/figure>\n\n\n\n<p><\/p>\n\n\n\n<p class=\"has-text-align-left\">Depuis <strong>2017<\/strong>, nous avons entrepris la restructuration de notre domaine en implantant de nouvelles cultures adapt\u00e9es \u00e0 nos sols, connus de nos anciens, comme <strong>le grenadier, l&rsquo;olivier ou le pistachier<\/strong>. Toutes ces cultures ont des besoins en eau limit\u00e9s et sont parfaitement adapt\u00e9es \u00e0 la conduite en <strong>agriculture biologique.<\/strong><\/p>\n\n\n\n<p><\/p>\n\n\n\n<p class=\"has-text-align-left\">La <strong>restructuration du vignoble<\/strong> se poursuit avec l&rsquo;implantation de c\u00e9pages plus adapt\u00e9s pour \u00e9laborer des vins frais et fruit\u00e9s. <strong>Toutes nos cultures sont ramass\u00e9es \u00e0 la main<\/strong> pour pr\u00e9server les fruits et les ar\u00f4mes.<\/p>\n\n\n\n<p><\/p>\n\n\n\n<p class=\"has-text-align-left\">Les nichoirs \u00e0 m\u00e9sanges et \u00e0 chauves-souris sont aussi des alli\u00e9s pour lutter contre certains ravageurs. La <strong>pr\u00e9servation<\/strong> de nos haies favorise la biodiversit\u00e9 de notre territoire.<\/p>\n<\/div>\n<\/div><\/section>\n\n\n\n<section id=\"wp-block-themeisle-blocks-advanced-columns-7def5348\" class=\"wp-block-themeisle-blocks-advanced-columns has-4-columns has-desktop-equal-layout has-tablet-equal-layout has-mobile-collapsedRows-layout has-vertical-flex-start\"><div class=\"wp-block-themeisle-blocks-advanced-columns-overlay\"><\/div><div class=\"innerblocks-wrap\">\n<div id=\"wp-block-themeisle-blocks-advanced-column-f995853e\" class=\"wp-block-themeisle-blocks-advanced-column\"><\/div>\n\n\n\n<div id=\"wp-block-themeisle-blocks-advanced-column-9cd87d93\" class=\"wp-block-themeisle-blocks-advanced-column\"><\/div>\n\n\n\n<div id=\"wp-block-themeisle-blocks-advanced-column-500461db\" class=\"wp-block-themeisle-blocks-advanced-column\"><\/div>\n\n\n\n<div id=\"wp-block-themeisle-blocks-advanced-column-44402cbd\" class=\"wp-block-themeisle-blocks-advanced-column\"><\/div>\n<\/div><\/section>\n<\/div>\n<\/div><\/section>\n<\/div><\/div>\n","protected":false},"excerpt":{"rendered":"","protected":false},"author":1,"featured_media":0,"parent":0,"menu_order":0,"comment_status":"closed","ping_status":"closed","template":"","meta":{"_themeisle_gutenberg_block_has_review":false,"footnotes":""},"class_list":["post-395","page","type-page","status-publish","hentry"],"yoast_head":"<!-- This site is optimized with the Yoast SEO plugin v27.4 - https:\/\/yoast.com\/product\/yoast-seo-wordpress\/ -->\n<title>\u00c0 propos &#183; Mas de Moussi\u00e9<\/title>\n<meta name=\"robots\" content=\"index, follow, max-snippet:-1, max-image-preview:large, max-video-preview:-1\" \/>\n<link rel=\"canonical\" href=\"https:\/\/masdemoussie.fr\/index.php\/a-propos\/\" \/>\n<meta property=\"og:locale\" content=\"fr_FR\" \/>\n<meta property=\"og:type\" content=\"article\" \/>\n<meta property=\"og:title\" content=\"\u00c0 propos &#183; Mas de Moussi\u00e9\" \/>\n<meta property=\"og:url\" content=\"https:\/\/masdemoussie.fr\/index.php\/a-propos\/\" \/>\n<meta property=\"og:site_name\" content=\"Mas de Moussi\u00e9\" \/>\n<meta property=\"article:modified_time\" content=\"2024-05-13T12:23:17+00:00\" \/>\n<meta property=\"og:image\" content=\"https:\/\/masdemoussie.fr\/wp-content\/uploads\/2024\/04\/20230904_123134-scaled.jpg\" \/>\n<meta name=\"twitter:card\" content=\"summary_large_image\" \/>\n<meta name=\"twitter:label1\" content=\"Dur\u00e9e de lecture estim\u00e9e\" \/>\n\t<meta name=\"twitter:data1\" content=\"2 minutes\" \/>\n<script type=\"application\/ld+json\" class=\"yoast-schema-graph\">{\"@context\":\"https:\\\/\\\/schema.org\",\"@graph\":[{\"@type\":\"WebPage\",\"@id\":\"https:\\\/\\\/masdemoussie.fr\\\/index.php\\\/a-propos\\\/\",\"url\":\"https:\\\/\\\/masdemoussie.fr\\\/index.php\\\/a-propos\\\/\",\"name\":\"\u00c0 propos &#183; Mas de Moussi\u00e9\",\"isPartOf\":{\"@id\":\"https:\\\/\\\/masdemoussie.fr\\\/#website\"},\"primaryImageOfPage\":{\"@id\":\"https:\\\/\\\/masdemoussie.fr\\\/index.php\\\/a-propos\\\/#primaryimage\"},\"image\":{\"@id\":\"https:\\\/\\\/masdemoussie.fr\\\/index.php\\\/a-propos\\\/#primaryimage\"},\"thumbnailUrl\":\"https:\\\/\\\/masdemoussie.fr\\\/wp-content\\\/uploads\\\/2024\\\/04\\\/20230904_123134-scaled.jpg\",\"datePublished\":\"2024-02-09T12:27:51+00:00\",\"dateModified\":\"2024-05-13T12:23:17+00:00\",\"breadcrumb\":{\"@id\":\"https:\\\/\\\/masdemoussie.fr\\\/index.php\\\/a-propos\\\/#breadcrumb\"},\"inLanguage\":\"fr-FR\",\"potentialAction\":[{\"@type\":\"ReadAction\",\"target\":[\"https:\\\/\\\/masdemoussie.fr\\\/index.php\\\/a-propos\\\/\"]}]},{\"@type\":\"ImageObject\",\"inLanguage\":\"fr-FR\",\"@id\":\"https:\\\/\\\/masdemoussie.fr\\\/index.php\\\/a-propos\\\/#primaryimage\",\"url\":\"https:\\\/\\\/masdemoussie.fr\\\/wp-content\\\/uploads\\\/2024\\\/04\\\/20230904_123134-scaled.jpg\",\"contentUrl\":\"https:\\\/\\\/masdemoussie.fr\\\/wp-content\\\/uploads\\\/2024\\\/04\\\/20230904_123134-scaled.jpg\",\"width\":1920,\"height\":2560},{\"@type\":\"BreadcrumbList\",\"@id\":\"https:\\\/\\\/masdemoussie.fr\\\/index.php\\\/a-propos\\\/#breadcrumb\",\"itemListElement\":[{\"@type\":\"ListItem\",\"position\":1,\"name\":\"Accueil\",\"item\":\"https:\\\/\\\/masdemoussie.fr\\\/\"},{\"@type\":\"ListItem\",\"position\":2,\"name\":\"\u00c0 propos\"}]},{\"@type\":\"WebSite\",\"@id\":\"https:\\\/\\\/masdemoussie.fr\\\/#website\",\"url\":\"https:\\\/\\\/masdemoussie.fr\\\/\",\"name\":\"Mas de Moussi\u00e9\",\"description\":\"Agriculture Biologique\",\"publisher\":{\"@id\":\"https:\\\/\\\/masdemoussie.fr\\\/#organization\"},\"potentialAction\":[{\"@type\":\"SearchAction\",\"target\":{\"@type\":\"EntryPoint\",\"urlTemplate\":\"https:\\\/\\\/masdemoussie.fr\\\/?s={search_term_string}\"},\"query-input\":{\"@type\":\"PropertyValueSpecification\",\"valueRequired\":true,\"valueName\":\"search_term_string\"}}],\"inLanguage\":\"fr-FR\"},{\"@type\":\"Organization\",\"@id\":\"https:\\\/\\\/masdemoussie.fr\\\/#organization\",\"name\":\"Mas de Moussi\u00e9\",\"url\":\"https:\\\/\\\/masdemoussie.fr\\\/\",\"logo\":{\"@type\":\"ImageObject\",\"inLanguage\":\"fr-FR\",\"@id\":\"https:\\\/\\\/masdemoussie.fr\\\/#\\\/schema\\\/logo\\\/image\\\/\",\"url\":\"https:\\\/\\\/masdemoussie.fr\\\/wp-content\\\/uploads\\\/2024\\\/02\\\/Agriculture_Biologique-removebg-preview.png\",\"contentUrl\":\"https:\\\/\\\/masdemoussie.fr\\\/wp-content\\\/uploads\\\/2024\\\/02\\\/Agriculture_Biologique-removebg-preview.png\",\"width\":500,\"height\":500,\"caption\":\"Mas de Moussi\u00e9\"},\"image\":{\"@id\":\"https:\\\/\\\/masdemoussie.fr\\\/#\\\/schema\\\/logo\\\/image\\\/\"},\"sameAs\":[\"https:\\\/\\\/www.instagram.com\\\/masdemoussie\\\/\"]}]}<\/script>\n<!-- \/ Yoast SEO plugin. -->","yoast_head_json":{"title":"\u00c0 propos &#183; Mas de Moussi\u00e9","robots":{"index":"index","follow":"follow","max-snippet":"max-snippet:-1","max-image-preview":"max-image-preview:large","max-video-preview":"max-video-preview:-1"},"canonical":"https:\/\/masdemoussie.fr\/index.php\/a-propos\/","og_locale":"fr_FR","og_type":"article","og_title":"\u00c0 propos &#183; Mas de Moussi\u00e9","og_url":"https:\/\/masdemoussie.fr\/index.php\/a-propos\/","og_site_name":"Mas de Moussi\u00e9","article_modified_time":"2024-05-13T12:23:17+00:00","og_image":[{"url":"https:\/\/masdemoussie.fr\/wp-content\/uploads\/2024\/04\/20230904_123134-scaled.jpg","type":"","width":"","height":""}],"twitter_card":"summary_large_image","twitter_misc":{"Dur\u00e9e de lecture estim\u00e9e":"2 minutes"},"schema":{"@context":"https:\/\/schema.org","@graph":[{"@type":"WebPage","@id":"https:\/\/masdemoussie.fr\/index.php\/a-propos\/","url":"https:\/\/masdemoussie.fr\/index.php\/a-propos\/","name":"\u00c0 propos &#183; Mas de Moussi\u00e9","isPartOf":{"@id":"https:\/\/masdemoussie.fr\/#website"},"primaryImageOfPage":{"@id":"https:\/\/masdemoussie.fr\/index.php\/a-propos\/#primaryimage"},"image":{"@id":"https:\/\/masdemoussie.fr\/index.php\/a-propos\/#primaryimage"},"thumbnailUrl":"https:\/\/masdemoussie.fr\/wp-content\/uploads\/2024\/04\/20230904_123134-scaled.jpg","datePublished":"2024-02-09T12:27:51+00:00","dateModified":"2024-05-13T12:23:17+00:00","breadcrumb":{"@id":"https:\/\/masdemoussie.fr\/index.php\/a-propos\/#breadcrumb"},"inLanguage":"fr-FR","potentialAction":[{"@type":"ReadAction","target":["https:\/\/masdemoussie.fr\/index.php\/a-propos\/"]}]},{"@type":"ImageObject","inLanguage":"fr-FR","@id":"https:\/\/masdemoussie.fr\/index.php\/a-propos\/#primaryimage","url":"https:\/\/masdemoussie.fr\/wp-content\/uploads\/2024\/04\/20230904_123134-scaled.jpg","contentUrl":"https:\/\/masdemoussie.fr\/wp-content\/uploads\/2024\/04\/20230904_123134-scaled.jpg","width":1920,"height":2560},{"@type":"BreadcrumbList","@id":"https:\/\/masdemoussie.fr\/index.php\/a-propos\/#breadcrumb","itemListElement":[{"@type":"ListItem","position":1,"name":"Accueil","item":"https:\/\/masdemoussie.fr\/"},{"@type":"ListItem","position":2,"name":"\u00c0 propos"}]},{"@type":"WebSite","@id":"https:\/\/masdemoussie.fr\/#website","url":"https:\/\/masdemoussie.fr\/","name":"Mas de Moussi\u00e9","description":"Agriculture Biologique","publisher":{"@id":"https:\/\/masdemoussie.fr\/#organization"},"potentialAction":[{"@type":"SearchAction","target":{"@type":"EntryPoint","urlTemplate":"https:\/\/masdemoussie.fr\/?s={search_term_string}"},"query-input":{"@type":"PropertyValueSpecification","valueRequired":true,"valueName":"search_term_string"}}],"inLanguage":"fr-FR"},{"@type":"Organization","@id":"https:\/\/masdemoussie.fr\/#organization","name":"Mas de Moussi\u00e9","url":"https:\/\/masdemoussie.fr\/","logo":{"@type":"ImageObject","inLanguage":"fr-FR","@id":"https:\/\/masdemoussie.fr\/#\/schema\/logo\/image\/","url":"https:\/\/masdemoussie.fr\/wp-content\/uploads\/2024\/02\/Agriculture_Biologique-removebg-preview.png","contentUrl":"https:\/\/masdemoussie.fr\/wp-content\/uploads\/2024\/02\/Agriculture_Biologique-removebg-preview.png","width":500,"height":500,"caption":"Mas de Moussi\u00e9"},"image":{"@id":"https:\/\/masdemoussie.fr\/#\/schema\/logo\/image\/"},"sameAs":["https:\/\/www.instagram.com\/masdemoussie\/"]}]}},"_links":{"self":[{"href":"https:\/\/masdemoussie.fr\/index.php\/wp-json\/wp\/v2\/pages\/395","targetHints":{"allow":["GET"]}}],"collection":[{"href":"https:\/\/masdemoussie.fr\/index.php\/wp-json\/wp\/v2\/pages"}],"about":[{"href":"https:\/\/masdemoussie.fr\/index.php\/wp-json\/wp\/v2\/types\/page"}],"author":[{"embeddable":true,"href":"https:\/\/masdemoussie.fr\/index.php\/wp-json\/wp\/v2\/users\/1"}],"replies":[{"embeddable":true,"href":"https:\/\/masdemoussie.fr\/index.php\/wp-json\/wp\/v2\/comments?post=395"}],"version-history":[{"count":17,"href":"https:\/\/masdemoussie.fr\/index.php\/wp-json\/wp\/v2\/pages\/395\/revisions"}],"predecessor-version":[{"id":1013,"href":"https:\/\/masdemoussie.fr\/index.php\/wp-json\/wp\/v2\/pages\/395\/revisions\/1013"}],"wp:attachment":[{"href":"https:\/\/masdemoussie.fr\/index.php\/wp-json\/wp\/v2\/media?parent=395"}],"curies":[{"name":"wp","href":"https:\/\/api.w.org\/{rel}","templated":true}]}}