{"id":344,"date":"2024-01-09T14:45:13","date_gmt":"2024-01-09T13:45:13","guid":{"rendered":"https:\/\/masdemoussie.fr\/?page_id=344"},"modified":"2024-05-13T13:18:10","modified_gmt":"2024-05-13T11:18:10","slug":"les-cultures-bio","status":"publish","type":"page","link":"https:\/\/masdemoussie.fr\/index.php\/les-cultures-bio\/","title":{"rendered":"Nos cultures Biologiques"},"content":{"rendered":"\n<div class=\"wp-block-group alignfull has-base-2-color has-ti-bg-alt-background-color has-text-color has-background has-link-color wp-elements-9ba4ebcc110c469f9a29abaa5b1fcbef is-layout-constrained wp-container-core-group-is-layout-facafb6f wp-block-group-is-layout-constrained\" style=\"margin-top:0;margin-bottom:0;padding-top:var(--wp--preset--spacing--50);padding-right:var(--wp--preset--spacing--50);padding-bottom:var(--wp--preset--spacing--50);padding-left:var(--wp--preset--spacing--50)\">\n<div class=\"wp-block-cover alignfull\" style=\"min-height:151px;aspect-ratio:unset;\"><span aria-hidden=\"true\" class=\"wp-block-cover__background has-background-dim\"><\/span><img fetchpriority=\"high\" decoding=\"async\" width=\"1920\" height=\"2560\" class=\"wp-block-cover__image-background wp-image-408\" alt=\"\" src=\"http:\/\/masdemoussie.fr\/wp-content\/uploads\/2024\/02\/20230902_082532-scaled.jpg\" data-object-fit=\"cover\" srcset=\"https:\/\/masdemoussie.fr\/wp-content\/uploads\/2024\/02\/20230902_082532-scaled.jpg 1920w, https:\/\/masdemoussie.fr\/wp-content\/uploads\/2024\/02\/20230902_082532-scaled-600x800.jpg 600w, https:\/\/masdemoussie.fr\/wp-content\/uploads\/2024\/02\/20230902_082532-225x300.jpg 225w, https:\/\/masdemoussie.fr\/wp-content\/uploads\/2024\/02\/20230902_082532-768x1024.jpg 768w, https:\/\/masdemoussie.fr\/wp-content\/uploads\/2024\/02\/20230902_082532-1152x1536.jpg 1152w, https:\/\/masdemoussie.fr\/wp-content\/uploads\/2024\/02\/20230902_082532-1536x2048.jpg 1536w\" sizes=\"(max-width: 1920px) 100vw, 1920px\" \/><div class=\"wp-block-cover__inner-container is-layout-constrained wp-block-cover-is-layout-constrained\">\n<p class=\"has-text-align-center has-white-color has-text-color has-link-color has-outfit-font-family has-huge-font-size wp-elements-8c25dabcf0e3ad26b2c11bcb67d1803d\"><strong>Nos Cultures Biologiques<\/strong><\/p>\n<\/div><\/div>\n\n\n\n<div id=\"wp-block-themeisle-blocks-advanced-columns-d738bad6\" class=\"wp-block-themeisle-blocks-advanced-columns alignfull has-1-columns has-desktop-equal-layout has-tablet-equal-layout has-mobile-collapsedRows-layout has-vertical-center ticss-c00aadba\"><div class=\"wp-block-themeisle-blocks-advanced-columns-overlay\"><\/div><div class=\"innerblocks-wrap\">\n<div id=\"wp-block-themeisle-blocks-advanced-column-bbd8db2b\" class=\"wp-block-themeisle-blocks-advanced-column\">\n<div id=\"wp-block-themeisle-blocks-advanced-columns-8a6512ea\" class=\"wp-block-themeisle-blocks-advanced-columns has-1-columns has-desktop-equal-layout has-tablet-equal-layout has-mobile-equal-layout has-vertical-center\"><div class=\"wp-block-themeisle-blocks-advanced-columns-overlay\"><\/div><div class=\"innerblocks-wrap\">\n<div id=\"wp-block-themeisle-blocks-advanced-column-e8b18065\" class=\"wp-block-themeisle-blocks-advanced-column\"><\/div>\n<\/div><\/div>\n\n\n\n<div id=\"wp-block-themeisle-blocks-advanced-columns-7f744968\" class=\"wp-block-themeisle-blocks-advanced-columns has-3-columns has-desktop-equal-layout has-tablet-equal-layout has-mobile-collapsedRows-layout has-vertical-top\"><div class=\"wp-block-themeisle-blocks-advanced-columns-overlay\"><\/div><div class=\"innerblocks-wrap\">\n<div id=\"wp-block-themeisle-blocks-advanced-column-1430d2f1\" class=\"wp-block-themeisle-blocks-advanced-column\">\n<div id=\"wp-block-themeisle-blocks-flip-123c6ebb\" class=\"wp-block-themeisle-blocks-flip anim flipX has-light-back-bg\"><div class=\"o-flip-inner\"><div class=\"o-flip-front\"><div class=\"o-flip-content\"><h3>Respect de l&rsquo;environnement<\/h3><p>Lire la suite<\/p><\/div><\/div><div class=\"o-flip-back\">\n<h3 class=\"wp-block-heading\">Respect de l&rsquo;environnement<\/h3>\n\n\n\n<p>Notre engagement envers le respect de la nature se refl\u00e8te dans la <strong>restructuration <\/strong>du vignoble et des terres attenantes. Optant pour des <strong>cultures diversifi\u00e9es et adapt\u00e9es<\/strong> au terroir, nous avons choisi de d\u00e9velopper <strong>le raisin, la grenade, l&rsquo;olivier et la pistache.<\/strong><\/p>\n<\/div><\/div><\/div>\n<\/div>\n\n\n\n<div id=\"wp-block-themeisle-blocks-advanced-column-4b138e01\" class=\"wp-block-themeisle-blocks-advanced-column\">\n<div id=\"wp-block-themeisle-blocks-flip-2c636530\" class=\"wp-block-themeisle-blocks-flip anim flipX has-dark-back-bg\"><div class=\"o-flip-inner\"><div class=\"o-flip-front\"><div class=\"o-flip-content\"><h3>Des cultures biologiques<\/h3><p>Lire la suite<\/p><\/div><\/div><div class=\"o-flip-back\">\n<h3 class=\"wp-block-heading\">Des cultures biologiques<\/h3>\n\n\n\n<p>Toutes nos cultures sont conduites selon les strictes normes de l&rsquo;<strong>agriculture biologique<\/strong>, <br>garantissant des produits de qualit\u00e9 tout en pr\u00e9servant l&rsquo;\u00e9quilibre \u00e9cologique.<\/p>\n<\/div><\/div><\/div>\n<\/div>\n\n\n\n<div id=\"wp-block-themeisle-blocks-advanced-column-eefc33b9\" class=\"wp-block-themeisle-blocks-advanced-column\">\n<div id=\"wp-block-themeisle-blocks-flip-6323a328\" class=\"wp-block-themeisle-blocks-flip anim flipX has-dark-back-bg\"><div class=\"o-flip-inner\"><div class=\"o-flip-front\"><div class=\"o-flip-content\"><h3>Engagement en faveur de la biodiversit\u00e9<\/h3><p>Lire la suite<\/p><\/div><\/div><div class=\"o-flip-back\">\n<div class=\"wp-block-group is-layout-constrained wp-block-group-is-layout-constrained\">\n<h3 class=\"wp-block-heading\">Engagement en faveur de la biodiversit\u00e9<\/h3>\n\n\n\n<p>Par ailleurs, notre engagement en faveur de la biodiversit\u00e9 se manifeste par la mise en place r\u00e9guli\u00e8re de nichoirs pour les oiseaux et les auxiliaires tels que les m\u00e9sanges et les chauve-souris. <\/p>\n\n\n\n<p>Cette d\u00e9marche contribue non seulement \u00e0 am\u00e9liorer leur <strong>habitat<\/strong>, mais \u00e9galement \u00e0 renforcer notre <strong>lutte naturelle<\/strong> contre les ravageurs.<\/p>\n<\/div>\n\n\n\n<div class=\"wp-block-buttons is-layout-flex wp-block-buttons-is-layout-flex\"><\/div>\n<\/div><\/div><\/div>\n<\/div>\n<\/div><\/div>\n<\/div>\n<\/div><\/div>\n<\/div>\n","protected":false},"excerpt":{"rendered":"","protected":false},"author":1,"featured_media":0,"parent":0,"menu_order":0,"comment_status":"closed","ping_status":"closed","template":"","meta":{"_themeisle_gutenberg_block_has_review":false,"footnotes":""},"class_list":["post-344","page","type-page","status-publish","hentry"],"yoast_head":"<!-- This site is optimized with the Yoast SEO plugin v27.5 - https:\/\/yoast.com\/product\/yoast-seo-wordpress\/ -->\n<title>Nos cultures Biologiques &#183; Mas de Moussi\u00e9<\/title>\n<meta name=\"description\" content=\"Notre engagement envers le respect de la nature se refl\u00e8te dans la restructuration du vignoble et des terres attenantes. Optant pour des cultures diversifi\u00e9es et adapt\u00e9es au terroir, nous avons choisi de d\u00e9velopper le raisin, la grenade, l&#039;olivier et la pistache.\" \/>\n<meta name=\"robots\" content=\"index, follow, max-snippet:-1, max-image-preview:large, max-video-preview:-1\" \/>\n<link rel=\"canonical\" href=\"https:\/\/masdemoussie.fr\/index.php\/les-cultures-bio\/\" \/>\n<meta property=\"og:locale\" content=\"fr_FR\" \/>\n<meta property=\"og:type\" content=\"article\" \/>\n<meta property=\"og:title\" content=\"Nos cultures Biologiques &#183; Mas de Moussi\u00e9\" \/>\n<meta property=\"og:description\" content=\"Notre engagement envers le respect de la nature se refl\u00e8te dans la restructuration du vignoble et des terres attenantes. Optant pour des cultures diversifi\u00e9es et adapt\u00e9es au terroir, nous avons choisi de d\u00e9velopper le raisin, la grenade, l&#039;olivier et la pistache.\" \/>\n<meta property=\"og:url\" content=\"https:\/\/masdemoussie.fr\/index.php\/les-cultures-bio\/\" \/>\n<meta property=\"og:site_name\" content=\"Mas de Moussi\u00e9\" \/>\n<meta property=\"article:modified_time\" content=\"2024-05-13T11:18:10+00:00\" \/>\n<meta property=\"og:image\" content=\"http:\/\/masdemoussie.fr\/wp-content\/uploads\/2024\/02\/20230902_082532-scaled.jpg\" \/>\n<meta name=\"twitter:card\" content=\"summary_large_image\" \/>\n<meta name=\"twitter:label1\" content=\"Dur\u00e9e de lecture estim\u00e9e\" \/>\n\t<meta name=\"twitter:data1\" content=\"1 minute\" \/>\n<script type=\"application\/ld+json\" class=\"yoast-schema-graph\">{\"@context\":\"https:\\\/\\\/schema.org\",\"@graph\":[{\"@type\":\"WebPage\",\"@id\":\"https:\\\/\\\/masdemoussie.fr\\\/index.php\\\/les-cultures-bio\\\/\",\"url\":\"https:\\\/\\\/masdemoussie.fr\\\/index.php\\\/les-cultures-bio\\\/\",\"name\":\"Nos cultures Biologiques &#183; Mas de Moussi\u00e9\",\"isPartOf\":{\"@id\":\"https:\\\/\\\/masdemoussie.fr\\\/#website\"},\"primaryImageOfPage\":{\"@id\":\"https:\\\/\\\/masdemoussie.fr\\\/index.php\\\/les-cultures-bio\\\/#primaryimage\"},\"image\":{\"@id\":\"https:\\\/\\\/masdemoussie.fr\\\/index.php\\\/les-cultures-bio\\\/#primaryimage\"},\"thumbnailUrl\":\"http:\\\/\\\/masdemoussie.fr\\\/wp-content\\\/uploads\\\/2024\\\/02\\\/20230902_082532-scaled.jpg\",\"datePublished\":\"2024-01-09T13:45:13+00:00\",\"dateModified\":\"2024-05-13T11:18:10+00:00\",\"description\":\"Notre engagement envers le respect de la nature se refl\u00e8te dans la restructuration du vignoble et des terres attenantes. Optant pour des cultures diversifi\u00e9es et adapt\u00e9es au terroir, nous avons choisi de d\u00e9velopper le raisin, la grenade, l'olivier et la pistache.\",\"breadcrumb\":{\"@id\":\"https:\\\/\\\/masdemoussie.fr\\\/index.php\\\/les-cultures-bio\\\/#breadcrumb\"},\"inLanguage\":\"fr-FR\",\"potentialAction\":[{\"@type\":\"ReadAction\",\"target\":[\"https:\\\/\\\/masdemoussie.fr\\\/index.php\\\/les-cultures-bio\\\/\"]}]},{\"@type\":\"ImageObject\",\"inLanguage\":\"fr-FR\",\"@id\":\"https:\\\/\\\/masdemoussie.fr\\\/index.php\\\/les-cultures-bio\\\/#primaryimage\",\"url\":\"https:\\\/\\\/masdemoussie.fr\\\/wp-content\\\/uploads\\\/2024\\\/02\\\/20230902_082532-scaled.jpg\",\"contentUrl\":\"https:\\\/\\\/masdemoussie.fr\\\/wp-content\\\/uploads\\\/2024\\\/02\\\/20230902_082532-scaled.jpg\",\"width\":1920,\"height\":2560},{\"@type\":\"BreadcrumbList\",\"@id\":\"https:\\\/\\\/masdemoussie.fr\\\/index.php\\\/les-cultures-bio\\\/#breadcrumb\",\"itemListElement\":[{\"@type\":\"ListItem\",\"position\":1,\"name\":\"Accueil\",\"item\":\"https:\\\/\\\/masdemoussie.fr\\\/\"},{\"@type\":\"ListItem\",\"position\":2,\"name\":\"Nos cultures Biologiques\"}]},{\"@type\":\"WebSite\",\"@id\":\"https:\\\/\\\/masdemoussie.fr\\\/#website\",\"url\":\"https:\\\/\\\/masdemoussie.fr\\\/\",\"name\":\"Mas de Moussi\u00e9\",\"description\":\"Agriculture Biologique\",\"publisher\":{\"@id\":\"https:\\\/\\\/masdemoussie.fr\\\/#organization\"},\"potentialAction\":[{\"@type\":\"SearchAction\",\"target\":{\"@type\":\"EntryPoint\",\"urlTemplate\":\"https:\\\/\\\/masdemoussie.fr\\\/?s={search_term_string}\"},\"query-input\":{\"@type\":\"PropertyValueSpecification\",\"valueRequired\":true,\"valueName\":\"search_term_string\"}}],\"inLanguage\":\"fr-FR\"},{\"@type\":\"Organization\",\"@id\":\"https:\\\/\\\/masdemoussie.fr\\\/#organization\",\"name\":\"Mas de Moussi\u00e9\",\"url\":\"https:\\\/\\\/masdemoussie.fr\\\/\",\"logo\":{\"@type\":\"ImageObject\",\"inLanguage\":\"fr-FR\",\"@id\":\"https:\\\/\\\/masdemoussie.fr\\\/#\\\/schema\\\/logo\\\/image\\\/\",\"url\":\"https:\\\/\\\/masdemoussie.fr\\\/wp-content\\\/uploads\\\/2024\\\/02\\\/Agriculture_Biologique-removebg-preview.png\",\"contentUrl\":\"https:\\\/\\\/masdemoussie.fr\\\/wp-content\\\/uploads\\\/2024\\\/02\\\/Agriculture_Biologique-removebg-preview.png\",\"width\":500,\"height\":500,\"caption\":\"Mas de Moussi\u00e9\"},\"image\":{\"@id\":\"https:\\\/\\\/masdemoussie.fr\\\/#\\\/schema\\\/logo\\\/image\\\/\"},\"sameAs\":[\"https:\\\/\\\/www.instagram.com\\\/masdemoussie\\\/\"]}]}<\/script>\n<!-- \/ Yoast SEO plugin. -->","yoast_head_json":{"title":"Nos cultures Biologiques &#183; Mas de Moussi\u00e9","description":"Notre engagement envers le respect de la nature se refl\u00e8te dans la restructuration du vignoble et des terres attenantes. Optant pour des cultures diversifi\u00e9es et adapt\u00e9es au terroir, nous avons choisi de d\u00e9velopper le raisin, la grenade, l'olivier et la pistache.","robots":{"index":"index","follow":"follow","max-snippet":"max-snippet:-1","max-image-preview":"max-image-preview:large","max-video-preview":"max-video-preview:-1"},"canonical":"https:\/\/masdemoussie.fr\/index.php\/les-cultures-bio\/","og_locale":"fr_FR","og_type":"article","og_title":"Nos cultures Biologiques &#183; Mas de Moussi\u00e9","og_description":"Notre engagement envers le respect de la nature se refl\u00e8te dans la restructuration du vignoble et des terres attenantes. Optant pour des cultures diversifi\u00e9es et adapt\u00e9es au terroir, nous avons choisi de d\u00e9velopper le raisin, la grenade, l'olivier et la pistache.","og_url":"https:\/\/masdemoussie.fr\/index.php\/les-cultures-bio\/","og_site_name":"Mas de Moussi\u00e9","article_modified_time":"2024-05-13T11:18:10+00:00","og_image":[{"url":"http:\/\/masdemoussie.fr\/wp-content\/uploads\/2024\/02\/20230902_082532-scaled.jpg","type":"","width":"","height":""}],"twitter_card":"summary_large_image","twitter_misc":{"Dur\u00e9e de lecture estim\u00e9e":"1 minute"},"schema":{"@context":"https:\/\/schema.org","@graph":[{"@type":"WebPage","@id":"https:\/\/masdemoussie.fr\/index.php\/les-cultures-bio\/","url":"https:\/\/masdemoussie.fr\/index.php\/les-cultures-bio\/","name":"Nos cultures Biologiques &#183; Mas de Moussi\u00e9","isPartOf":{"@id":"https:\/\/masdemoussie.fr\/#website"},"primaryImageOfPage":{"@id":"https:\/\/masdemoussie.fr\/index.php\/les-cultures-bio\/#primaryimage"},"image":{"@id":"https:\/\/masdemoussie.fr\/index.php\/les-cultures-bio\/#primaryimage"},"thumbnailUrl":"http:\/\/masdemoussie.fr\/wp-content\/uploads\/2024\/02\/20230902_082532-scaled.jpg","datePublished":"2024-01-09T13:45:13+00:00","dateModified":"2024-05-13T11:18:10+00:00","description":"Notre engagement envers le respect de la nature se refl\u00e8te dans la restructuration du vignoble et des terres attenantes. Optant pour des cultures diversifi\u00e9es et adapt\u00e9es au terroir, nous avons choisi de d\u00e9velopper le raisin, la grenade, l'olivier et la pistache.","breadcrumb":{"@id":"https:\/\/masdemoussie.fr\/index.php\/les-cultures-bio\/#breadcrumb"},"inLanguage":"fr-FR","potentialAction":[{"@type":"ReadAction","target":["https:\/\/masdemoussie.fr\/index.php\/les-cultures-bio\/"]}]},{"@type":"ImageObject","inLanguage":"fr-FR","@id":"https:\/\/masdemoussie.fr\/index.php\/les-cultures-bio\/#primaryimage","url":"https:\/\/masdemoussie.fr\/wp-content\/uploads\/2024\/02\/20230902_082532-scaled.jpg","contentUrl":"https:\/\/masdemoussie.fr\/wp-content\/uploads\/2024\/02\/20230902_082532-scaled.jpg","width":1920,"height":2560},{"@type":"BreadcrumbList","@id":"https:\/\/masdemoussie.fr\/index.php\/les-cultures-bio\/#breadcrumb","itemListElement":[{"@type":"ListItem","position":1,"name":"Accueil","item":"https:\/\/masdemoussie.fr\/"},{"@type":"ListItem","position":2,"name":"Nos cultures Biologiques"}]},{"@type":"WebSite","@id":"https:\/\/masdemoussie.fr\/#website","url":"https:\/\/masdemoussie.fr\/","name":"Mas de Moussi\u00e9","description":"Agriculture Biologique","publisher":{"@id":"https:\/\/masdemoussie.fr\/#organization"},"potentialAction":[{"@type":"SearchAction","target":{"@type":"EntryPoint","urlTemplate":"https:\/\/masdemoussie.fr\/?s={search_term_string}"},"query-input":{"@type":"PropertyValueSpecification","valueRequired":true,"valueName":"search_term_string"}}],"inLanguage":"fr-FR"},{"@type":"Organization","@id":"https:\/\/masdemoussie.fr\/#organization","name":"Mas de Moussi\u00e9","url":"https:\/\/masdemoussie.fr\/","logo":{"@type":"ImageObject","inLanguage":"fr-FR","@id":"https:\/\/masdemoussie.fr\/#\/schema\/logo\/image\/","url":"https:\/\/masdemoussie.fr\/wp-content\/uploads\/2024\/02\/Agriculture_Biologique-removebg-preview.png","contentUrl":"https:\/\/masdemoussie.fr\/wp-content\/uploads\/2024\/02\/Agriculture_Biologique-removebg-preview.png","width":500,"height":500,"caption":"Mas de Moussi\u00e9"},"image":{"@id":"https:\/\/masdemoussie.fr\/#\/schema\/logo\/image\/"},"sameAs":["https:\/\/www.instagram.com\/masdemoussie\/"]}]}},"_links":{"self":[{"href":"https:\/\/masdemoussie.fr\/index.php\/wp-json\/wp\/v2\/pages\/344","targetHints":{"allow":["GET"]}}],"collection":[{"href":"https:\/\/masdemoussie.fr\/index.php\/wp-json\/wp\/v2\/pages"}],"about":[{"href":"https:\/\/masdemoussie.fr\/index.php\/wp-json\/wp\/v2\/types\/page"}],"author":[{"embeddable":true,"href":"https:\/\/masdemoussie.fr\/index.php\/wp-json\/wp\/v2\/users\/1"}],"replies":[{"embeddable":true,"href":"https:\/\/masdemoussie.fr\/index.php\/wp-json\/wp\/v2\/comments?post=344"}],"version-history":[{"count":27,"href":"https:\/\/masdemoussie.fr\/index.php\/wp-json\/wp\/v2\/pages\/344\/revisions"}],"predecessor-version":[{"id":1031,"href":"https:\/\/masdemoussie.fr\/index.php\/wp-json\/wp\/v2\/pages\/344\/revisions\/1031"}],"wp:attachment":[{"href":"https:\/\/masdemoussie.fr\/index.php\/wp-json\/wp\/v2\/media?parent=344"}],"curies":[{"name":"wp","href":"https:\/\/api.w.org\/{rel}","templated":true}]}}