{"id":315,"date":"2024-01-09T14:04:43","date_gmt":"2024-01-09T13:04:43","guid":{"rendered":"https:\/\/masdemoussie.fr\/?page_id=315"},"modified":"2024-05-01T15:23:39","modified_gmt":"2024-05-01T13:23:39","slug":"en-savoir-plus","status":"publish","type":"page","link":"https:\/\/masdemoussie.fr\/index.php\/en-savoir-plus\/","title":{"rendered":"Le Domaine"},"content":{"rendered":"\n<div class=\"wp-block-group alignfull is-layout-constrained wp-block-group-is-layout-constrained\">\n<div class=\"wp-block-media-text alignfull is-stacked-on-mobile is-vertically-aligned-center is-image-fill has-ti-bg-alt-background-color has-background\" style=\"grid-template-columns:35% auto\"><figure class=\"wp-block-media-text__media\" style=\"background-image:url(http:\/\/masdemoussie.fr\/wp-content\/uploads\/2024\/01\/20230502_092022-1-768x1024.jpg);background-position:48% 49%\"><img fetchpriority=\"high\" decoding=\"async\" width=\"768\" height=\"1024\" src=\"http:\/\/masdemoussie.fr\/wp-content\/uploads\/2024\/01\/20230502_092022-1-768x1024.jpg\" alt=\"\" class=\"wp-image-267 size-full\" srcset=\"https:\/\/masdemoussie.fr\/wp-content\/uploads\/2024\/01\/20230502_092022-1-768x1024.jpg 768w, https:\/\/masdemoussie.fr\/wp-content\/uploads\/2024\/01\/20230502_092022-1-scaled-600x800.jpg 600w, https:\/\/masdemoussie.fr\/wp-content\/uploads\/2024\/01\/20230502_092022-1-225x300.jpg 225w, https:\/\/masdemoussie.fr\/wp-content\/uploads\/2024\/01\/20230502_092022-1-1152x1536.jpg 1152w, https:\/\/masdemoussie.fr\/wp-content\/uploads\/2024\/01\/20230502_092022-1-1536x2048.jpg 1536w, https:\/\/masdemoussie.fr\/wp-content\/uploads\/2024\/01\/20230502_092022-1-scaled.jpg 1920w\" sizes=\"(max-width: 768px) 100vw, 768px\" \/><\/figure><div class=\"wp-block-media-text__content\">\n<hr class=\"wp-block-separator has-alpha-channel-opacity is-style-wide\"\/>\n\n\n\n<p style=\"line-height:2\">Bienvenue au <strong>Mas de Moussi\u00e9<\/strong>, un domaine viticole nich\u00e9 dans le Hameau de Gallician, commune de Vauvert, dans le <strong>Gard<\/strong>. \u00c0 quelques kilom\u00e8tres \u00e0 l&rsquo;ouest des berges du Petit Rh\u00f4ne, notre propri\u00e9t\u00e9 b\u00e9n\u00e9ficie des sols exceptionnels des Costi\u00e8res de N\u00eemes, caract\u00e9ris\u00e9s par des galets mill\u00e9naires riches en min\u00e9raux, id\u00e9aux pour la culture de la vigne.<\/p>\n\n\n<div class=\"aligncenter wp-block-site-logo\"><a href=\"https:\/\/masdemoussie.fr\/\" class=\"custom-logo-link\" rel=\"home\"><img decoding=\"async\" width=\"102\" height=\"102\" src=\"https:\/\/masdemoussie.fr\/wp-content\/uploads\/2024\/02\/Agriculture_Biologique-removebg-preview.png\" class=\"custom-logo\" alt=\"Mas de Moussi\u00e9\" srcset=\"https:\/\/masdemoussie.fr\/wp-content\/uploads\/2024\/02\/Agriculture_Biologique-removebg-preview.png 500w, https:\/\/masdemoussie.fr\/wp-content\/uploads\/2024\/02\/Agriculture_Biologique-removebg-preview-300x300.png 300w, https:\/\/masdemoussie.fr\/wp-content\/uploads\/2024\/02\/Agriculture_Biologique-removebg-preview-100x100.png 100w, https:\/\/masdemoussie.fr\/wp-content\/uploads\/2024\/02\/Agriculture_Biologique-removebg-preview-150x150.png 150w\" sizes=\"(max-width: 102px) 100vw, 102px\" \/><\/a><\/div>\n\n\n<p style=\"line-height:2\">Fort d&rsquo;une histoire ancienne, le Mas de Moussi\u00e9 trouve ses racines dans l&rsquo;activit\u00e9 agricole et viticole du territoire de Vauvert, remontant aux plans cadastraux de 1860, avec une incursion dans le commerce du vin au d\u00e9but des ann\u00e9es 1900. En <strong>2017<\/strong>, anim\u00e9s par la volont\u00e9 de redynamiser le domaine, nous avons entrepris la reconstitution du vignoble initial, r\u00e9novant ainsi une terre qui avait perdu ses vignes et ses activit\u00e9s agricoles.<\/p>\n<\/div><\/div>\n<\/div>\n","protected":false},"excerpt":{"rendered":"<p>Bienvenue au Mas de Moussi\u00e9, un domaine viticole nich\u00e9 dans le Hameau de Gallician, commune de Vauvert, dans le Gard. \u00c0 quelques kilom\u00e8tres \u00e0 l&rsquo;ouest des berges du Petit Rh\u00f4ne, notre propri\u00e9t\u00e9 b\u00e9n\u00e9ficie des sols exceptionnels des Costi\u00e8res de N\u00eemes, caract\u00e9ris\u00e9s par des galets mill\u00e9naires riches en min\u00e9raux, id\u00e9aux pour la culture de la vigne. [&hellip;]<\/p>\n","protected":false},"author":1,"featured_media":0,"parent":0,"menu_order":0,"comment_status":"closed","ping_status":"closed","template":"","meta":{"_themeisle_gutenberg_block_has_review":false,"footnotes":""},"class_list":["post-315","page","type-page","status-publish","hentry"],"yoast_head":"<!-- This site is optimized with the Yoast SEO plugin v27.4 - https:\/\/yoast.com\/product\/yoast-seo-wordpress\/ -->\n<title>Le Domaine &#183; Mas de Moussi\u00e9<\/title>\n<meta name=\"robots\" content=\"index, follow, max-snippet:-1, max-image-preview:large, max-video-preview:-1\" \/>\n<link rel=\"canonical\" href=\"http:\/\/masdemoussie.fr\/index.php\/en-savoir-plus\/\" \/>\n<meta property=\"og:locale\" content=\"fr_FR\" \/>\n<meta property=\"og:type\" content=\"article\" \/>\n<meta property=\"og:title\" content=\"Le Domaine &#183; Mas de Moussi\u00e9\" \/>\n<meta property=\"og:description\" content=\"Bienvenue au Mas de Moussi\u00e9, un domaine viticole nich\u00e9 dans le Hameau de Gallician, commune de Vauvert, dans le Gard. \u00c0 quelques kilom\u00e8tres \u00e0 l&rsquo;ouest des berges du Petit Rh\u00f4ne, notre propri\u00e9t\u00e9 b\u00e9n\u00e9ficie des sols exceptionnels des Costi\u00e8res de N\u00eemes, caract\u00e9ris\u00e9s par des galets mill\u00e9naires riches en min\u00e9raux, id\u00e9aux pour la culture de la vigne. [&hellip;]\" \/>\n<meta property=\"og:url\" content=\"http:\/\/masdemoussie.fr\/index.php\/en-savoir-plus\/\" \/>\n<meta property=\"og:site_name\" content=\"Mas de Moussi\u00e9\" \/>\n<meta property=\"article:modified_time\" content=\"2024-05-01T13:23:39+00:00\" \/>\n<meta property=\"og:image\" content=\"http:\/\/masdemoussie.fr\/wp-content\/uploads\/2024\/01\/20230502_092022-1-768x1024.jpg\" \/>\n<meta name=\"twitter:card\" content=\"summary_large_image\" \/>\n<meta name=\"twitter:label1\" content=\"Dur\u00e9e de lecture estim\u00e9e\" \/>\n\t<meta name=\"twitter:data1\" content=\"1 minute\" \/>\n<script type=\"application\/ld+json\" class=\"yoast-schema-graph\">{\"@context\":\"https:\\\/\\\/schema.org\",\"@graph\":[{\"@type\":\"WebPage\",\"@id\":\"http:\\\/\\\/masdemoussie.fr\\\/index.php\\\/en-savoir-plus\\\/\",\"url\":\"http:\\\/\\\/masdemoussie.fr\\\/index.php\\\/en-savoir-plus\\\/\",\"name\":\"Le Domaine &#183; Mas de Moussi\u00e9\",\"isPartOf\":{\"@id\":\"https:\\\/\\\/masdemoussie.fr\\\/#website\"},\"primaryImageOfPage\":{\"@id\":\"http:\\\/\\\/masdemoussie.fr\\\/index.php\\\/en-savoir-plus\\\/#primaryimage\"},\"image\":{\"@id\":\"http:\\\/\\\/masdemoussie.fr\\\/index.php\\\/en-savoir-plus\\\/#primaryimage\"},\"thumbnailUrl\":\"http:\\\/\\\/masdemoussie.fr\\\/wp-content\\\/uploads\\\/2024\\\/01\\\/20230502_092022-1-768x1024.jpg\",\"datePublished\":\"2024-01-09T13:04:43+00:00\",\"dateModified\":\"2024-05-01T13:23:39+00:00\",\"breadcrumb\":{\"@id\":\"http:\\\/\\\/masdemoussie.fr\\\/index.php\\\/en-savoir-plus\\\/#breadcrumb\"},\"inLanguage\":\"fr-FR\",\"potentialAction\":[{\"@type\":\"ReadAction\",\"target\":[\"http:\\\/\\\/masdemoussie.fr\\\/index.php\\\/en-savoir-plus\\\/\"]}]},{\"@type\":\"ImageObject\",\"inLanguage\":\"fr-FR\",\"@id\":\"http:\\\/\\\/masdemoussie.fr\\\/index.php\\\/en-savoir-plus\\\/#primaryimage\",\"url\":\"https:\\\/\\\/masdemoussie.fr\\\/wp-content\\\/uploads\\\/2024\\\/01\\\/20230502_092022-1-scaled.jpg\",\"contentUrl\":\"https:\\\/\\\/masdemoussie.fr\\\/wp-content\\\/uploads\\\/2024\\\/01\\\/20230502_092022-1-scaled.jpg\",\"width\":1920,\"height\":2560},{\"@type\":\"BreadcrumbList\",\"@id\":\"http:\\\/\\\/masdemoussie.fr\\\/index.php\\\/en-savoir-plus\\\/#breadcrumb\",\"itemListElement\":[{\"@type\":\"ListItem\",\"position\":1,\"name\":\"Accueil\",\"item\":\"https:\\\/\\\/masdemoussie.fr\\\/\"},{\"@type\":\"ListItem\",\"position\":2,\"name\":\"Le Domaine\"}]},{\"@type\":\"WebSite\",\"@id\":\"https:\\\/\\\/masdemoussie.fr\\\/#website\",\"url\":\"https:\\\/\\\/masdemoussie.fr\\\/\",\"name\":\"Mas de Moussi\u00e9\",\"description\":\"Agriculture Biologique\",\"publisher\":{\"@id\":\"https:\\\/\\\/masdemoussie.fr\\\/#organization\"},\"potentialAction\":[{\"@type\":\"SearchAction\",\"target\":{\"@type\":\"EntryPoint\",\"urlTemplate\":\"https:\\\/\\\/masdemoussie.fr\\\/?s={search_term_string}\"},\"query-input\":{\"@type\":\"PropertyValueSpecification\",\"valueRequired\":true,\"valueName\":\"search_term_string\"}}],\"inLanguage\":\"fr-FR\"},{\"@type\":\"Organization\",\"@id\":\"https:\\\/\\\/masdemoussie.fr\\\/#organization\",\"name\":\"Mas de Moussi\u00e9\",\"url\":\"https:\\\/\\\/masdemoussie.fr\\\/\",\"logo\":{\"@type\":\"ImageObject\",\"inLanguage\":\"fr-FR\",\"@id\":\"https:\\\/\\\/masdemoussie.fr\\\/#\\\/schema\\\/logo\\\/image\\\/\",\"url\":\"https:\\\/\\\/masdemoussie.fr\\\/wp-content\\\/uploads\\\/2024\\\/02\\\/Agriculture_Biologique-removebg-preview.png\",\"contentUrl\":\"https:\\\/\\\/masdemoussie.fr\\\/wp-content\\\/uploads\\\/2024\\\/02\\\/Agriculture_Biologique-removebg-preview.png\",\"width\":500,\"height\":500,\"caption\":\"Mas de Moussi\u00e9\"},\"image\":{\"@id\":\"https:\\\/\\\/masdemoussie.fr\\\/#\\\/schema\\\/logo\\\/image\\\/\"},\"sameAs\":[\"https:\\\/\\\/www.instagram.com\\\/masdemoussie\\\/\"]}]}<\/script>\n<!-- \/ Yoast SEO plugin. -->","yoast_head_json":{"title":"Le Domaine &#183; Mas de Moussi\u00e9","robots":{"index":"index","follow":"follow","max-snippet":"max-snippet:-1","max-image-preview":"max-image-preview:large","max-video-preview":"max-video-preview:-1"},"canonical":"http:\/\/masdemoussie.fr\/index.php\/en-savoir-plus\/","og_locale":"fr_FR","og_type":"article","og_title":"Le Domaine &#183; Mas de Moussi\u00e9","og_description":"Bienvenue au Mas de Moussi\u00e9, un domaine viticole nich\u00e9 dans le Hameau de Gallician, commune de Vauvert, dans le Gard. \u00c0 quelques kilom\u00e8tres \u00e0 l&rsquo;ouest des berges du Petit Rh\u00f4ne, notre propri\u00e9t\u00e9 b\u00e9n\u00e9ficie des sols exceptionnels des Costi\u00e8res de N\u00eemes, caract\u00e9ris\u00e9s par des galets mill\u00e9naires riches en min\u00e9raux, id\u00e9aux pour la culture de la vigne. [&hellip;]","og_url":"http:\/\/masdemoussie.fr\/index.php\/en-savoir-plus\/","og_site_name":"Mas de Moussi\u00e9","article_modified_time":"2024-05-01T13:23:39+00:00","og_image":[{"url":"http:\/\/masdemoussie.fr\/wp-content\/uploads\/2024\/01\/20230502_092022-1-768x1024.jpg","type":"","width":"","height":""}],"twitter_card":"summary_large_image","twitter_misc":{"Dur\u00e9e de lecture estim\u00e9e":"1 minute"},"schema":{"@context":"https:\/\/schema.org","@graph":[{"@type":"WebPage","@id":"http:\/\/masdemoussie.fr\/index.php\/en-savoir-plus\/","url":"http:\/\/masdemoussie.fr\/index.php\/en-savoir-plus\/","name":"Le Domaine &#183; Mas de Moussi\u00e9","isPartOf":{"@id":"https:\/\/masdemoussie.fr\/#website"},"primaryImageOfPage":{"@id":"http:\/\/masdemoussie.fr\/index.php\/en-savoir-plus\/#primaryimage"},"image":{"@id":"http:\/\/masdemoussie.fr\/index.php\/en-savoir-plus\/#primaryimage"},"thumbnailUrl":"http:\/\/masdemoussie.fr\/wp-content\/uploads\/2024\/01\/20230502_092022-1-768x1024.jpg","datePublished":"2024-01-09T13:04:43+00:00","dateModified":"2024-05-01T13:23:39+00:00","breadcrumb":{"@id":"http:\/\/masdemoussie.fr\/index.php\/en-savoir-plus\/#breadcrumb"},"inLanguage":"fr-FR","potentialAction":[{"@type":"ReadAction","target":["http:\/\/masdemoussie.fr\/index.php\/en-savoir-plus\/"]}]},{"@type":"ImageObject","inLanguage":"fr-FR","@id":"http:\/\/masdemoussie.fr\/index.php\/en-savoir-plus\/#primaryimage","url":"https:\/\/masdemoussie.fr\/wp-content\/uploads\/2024\/01\/20230502_092022-1-scaled.jpg","contentUrl":"https:\/\/masdemoussie.fr\/wp-content\/uploads\/2024\/01\/20230502_092022-1-scaled.jpg","width":1920,"height":2560},{"@type":"BreadcrumbList","@id":"http:\/\/masdemoussie.fr\/index.php\/en-savoir-plus\/#breadcrumb","itemListElement":[{"@type":"ListItem","position":1,"name":"Accueil","item":"https:\/\/masdemoussie.fr\/"},{"@type":"ListItem","position":2,"name":"Le Domaine"}]},{"@type":"WebSite","@id":"https:\/\/masdemoussie.fr\/#website","url":"https:\/\/masdemoussie.fr\/","name":"Mas de Moussi\u00e9","description":"Agriculture Biologique","publisher":{"@id":"https:\/\/masdemoussie.fr\/#organization"},"potentialAction":[{"@type":"SearchAction","target":{"@type":"EntryPoint","urlTemplate":"https:\/\/masdemoussie.fr\/?s={search_term_string}"},"query-input":{"@type":"PropertyValueSpecification","valueRequired":true,"valueName":"search_term_string"}}],"inLanguage":"fr-FR"},{"@type":"Organization","@id":"https:\/\/masdemoussie.fr\/#organization","name":"Mas de Moussi\u00e9","url":"https:\/\/masdemoussie.fr\/","logo":{"@type":"ImageObject","inLanguage":"fr-FR","@id":"https:\/\/masdemoussie.fr\/#\/schema\/logo\/image\/","url":"https:\/\/masdemoussie.fr\/wp-content\/uploads\/2024\/02\/Agriculture_Biologique-removebg-preview.png","contentUrl":"https:\/\/masdemoussie.fr\/wp-content\/uploads\/2024\/02\/Agriculture_Biologique-removebg-preview.png","width":500,"height":500,"caption":"Mas de Moussi\u00e9"},"image":{"@id":"https:\/\/masdemoussie.fr\/#\/schema\/logo\/image\/"},"sameAs":["https:\/\/www.instagram.com\/masdemoussie\/"]}]}},"_links":{"self":[{"href":"https:\/\/masdemoussie.fr\/index.php\/wp-json\/wp\/v2\/pages\/315","targetHints":{"allow":["GET"]}}],"collection":[{"href":"https:\/\/masdemoussie.fr\/index.php\/wp-json\/wp\/v2\/pages"}],"about":[{"href":"https:\/\/masdemoussie.fr\/index.php\/wp-json\/wp\/v2\/types\/page"}],"author":[{"embeddable":true,"href":"https:\/\/masdemoussie.fr\/index.php\/wp-json\/wp\/v2\/users\/1"}],"replies":[{"embeddable":true,"href":"https:\/\/masdemoussie.fr\/index.php\/wp-json\/wp\/v2\/comments?post=315"}],"version-history":[{"count":24,"href":"https:\/\/masdemoussie.fr\/index.php\/wp-json\/wp\/v2\/pages\/315\/revisions"}],"predecessor-version":[{"id":778,"href":"https:\/\/masdemoussie.fr\/index.php\/wp-json\/wp\/v2\/pages\/315\/revisions\/778"}],"wp:attachment":[{"href":"https:\/\/masdemoussie.fr\/index.php\/wp-json\/wp\/v2\/media?parent=315"}],"curies":[{"name":"wp","href":"https:\/\/api.w.org\/{rel}","templated":true}]}}